{"id":47643,"date":"2018-01-24T18:40:21","date_gmt":"2018-01-24T18:40:21","guid":{"rendered":"https:\/\/prolawyer.hu\/szolgaltatasaink\/"},"modified":"2018-01-30T17:04:39","modified_gmt":"2018-01-30T17:04:39","slug":"services","status":"publish","type":"page","link":"https:\/\/prolawyer.hu\/en\/services\/","title":{"rendered":"Services"},"content":{"rendered":"<p>[et_pb_section bb_built=&#8221;1&#8243; _builder_version=&#8221;3.0.98&#8243; background_image=&#8221;https:\/\/prolawyer.hu\/wp-content\/uploads\/2018\/01\/background7.jpg&#8221; background_position=&#8221;bottom_center&#8221; parallax=&#8221;on&#8221; parallax_method=&#8221;off&#8221; custom_padding=&#8221;||0px|&#8221; custom_margin=&#8221;||0px|&#8221; custom_css_main_element=&#8221;padding-bottom: 0px;&#8221;][et_pb_row custom_width_px=&#8221;710px&#8221; custom_padding=&#8221;|0px||0px&#8221; background_position_1=&#8221;top_left&#8221; background_repeat_1=&#8221;no-repeat&#8221; _builder_version=&#8221;3.0.98&#8243; background_size=&#8221;initial&#8221; background_position=&#8221;top_left&#8221; background_repeat=&#8221;repeat&#8221; background_color_1=&#8221;#ffffff&#8221; make_fullwidth=&#8221;on&#8221; padding_top_1=&#8221;25px&#8221; padding_right_1=&#8221;25px&#8221; padding_bottom_1=&#8221;25px&#8221; padding_left_1=&#8221;25px&#8221; padding_top_2=&#8221;25px&#8221; padding_right_2=&#8221;25px&#8221; padding_bottom_2=&#8221;25px&#8221; padding_left_2=&#8221;25px&#8221; make_equal=&#8221;on&#8221; use_custom_gutter=&#8221;on&#8221; gutter_width=&#8221;4&#8243; module_id=&#8221;communication&#8221;][et_pb_column type=&#8221;2_3&#8243;][et_pb_image _builder_version=&#8221;3.0.98&#8243; show_in_lightbox=&#8221;off&#8221; url_new_window=&#8221;off&#8221; use_overlay=&#8221;off&#8221; always_center_on_mobile=&#8221;on&#8221; force_fullwidth=&#8221;off&#8221; show_bottom_space=&#8221;off&#8221; src=&#8221;https:\/\/prolawyer.hu\/wp-content\/uploads\/2018\/01\/ikon15.png&#8221; align=&#8221;center&#8221; animation_style=&#8221;fade&#8221; animation_direction=&#8221;bottom&#8221; custom_padding=&#8221;||15px|&#8221; \/][et_pb_text admin_label=&#8221;Request Section Title&#8221; background_layout=&#8221;dark&#8221; _builder_version=&#8221;3.0.98&#8243; header_font=&#8221;Montserrat||||&#8221; header_font_size=&#8221;36px&#8221; text_orientation=&#8221;center&#8221; max_width=&#8221;710px&#8221; module_alignment=&#8221;center&#8221; animation_style=&#8221;fold&#8221; animation_direction=&#8221;bottom&#8221; animation_intensity_fold=&#8221;20%&#8221; header_font_size_tablet=&#8221;26px&#8221; header_font_size_last_edited=&#8221;on|tablet&#8221;]<\/p>\n<h1><span style=\"color: #eb6120;\">Communication<\/span><\/h1>\n<p>[\/et_pb_text][et_pb_text _builder_version=&#8221;3.0.98&#8243; background_layout=&#8221;light&#8221;]<\/p>\n<p>Communication should be planned, focused and constant to reach your business goals. We have to know why we are communicating to help you find, identify and reach those goals. We always start with a communication review, where we map our client\u2019s market position and prior course of action. We define the short, mid and long-term goals together.<\/p>\n<p>With our press relations activity we identify the national, local and industry related mediums to utilise them to their optimum level. We prepare a press-plan and execute a one-time or constant press campaigns. After the campaigns we present an analysis on the results and provide feedback for further action.<\/p>\n<p>[\/et_pb_text][\/et_pb_column][et_pb_column type=&#8221;1_3&#8243;][\/et_pb_column][\/et_pb_row][et_pb_row custom_width_px=&#8221;710px&#8221; custom_padding=&#8221;|0px||0px&#8221; background_position_1=&#8221;top_left&#8221; background_repeat_1=&#8221;no-repeat&#8221; _builder_version=&#8221;3.0.98&#8243; background_size=&#8221;initial&#8221; background_position=&#8221;top_left&#8221; background_repeat=&#8221;repeat&#8221; background_color_1=&#8221;#ffffff&#8221; make_fullwidth=&#8221;on&#8221; padding_top_1=&#8221;25px&#8221; padding_right_1=&#8221;25px&#8221; padding_bottom_1=&#8221;25px&#8221; padding_left_1=&#8221;25px&#8221; padding_top_2=&#8221;25px&#8221; padding_right_2=&#8221;25px&#8221; padding_bottom_2=&#8221;25px&#8221; padding_left_2=&#8221;25px&#8221; make_equal=&#8221;on&#8221; use_custom_gutter=&#8221;on&#8221; gutter_width=&#8221;4&#8243; module_id=&#8221;development&#8221;][et_pb_column type=&#8221;2_3&#8243;][et_pb_image _builder_version=&#8221;3.0.98&#8243; show_in_lightbox=&#8221;off&#8221; url_new_window=&#8221;off&#8221; use_overlay=&#8221;off&#8221; always_center_on_mobile=&#8221;on&#8221; force_fullwidth=&#8221;off&#8221; show_bottom_space=&#8221;off&#8221; src=&#8221;https:\/\/prolawyer.hu\/wp-content\/uploads\/2018\/01\/ikon16.png&#8221; align=&#8221;center&#8221; animation_style=&#8221;fade&#8221; animation_direction=&#8221;bottom&#8221; custom_padding=&#8221;||15px|&#8221; \/][et_pb_text admin_label=&#8221;Request Section Title&#8221; background_layout=&#8221;dark&#8221; _builder_version=&#8221;3.0.98&#8243; header_font=&#8221;Montserrat||||&#8221; header_font_size=&#8221;36px&#8221; text_orientation=&#8221;center&#8221; max_width=&#8221;710px&#8221; module_alignment=&#8221;center&#8221; animation_style=&#8221;fold&#8221; animation_direction=&#8221;bottom&#8221; animation_intensity_fold=&#8221;20%&#8221; header_font_size_tablet=&#8221;26px&#8221; header_font_size_last_edited=&#8221;on|tablet&#8221;]<\/p>\n<h1><span style=\"color: #eb6120;\">Business development<\/span><\/h1>\n<p>[\/et_pb_text][et_pb_text _builder_version=&#8221;3.0.98&#8243; background_layout=&#8221;light&#8221;]<\/p>\n<p>Needed to have more or better clients, larger revenue, wider legal portfolio or targeted fields. Communication is never without purpose, it always supports the business development goals of a firm. We can help with auditioning your business processes, targeting potential clients, positioning and competitor analysis \u2013 a wide toolkit of business development. We have answers to every question: where to be, where to network and how to get back a client.<\/p>\n<p>[\/et_pb_text][\/et_pb_column][et_pb_column type=&#8221;1_3&#8243;][\/et_pb_column][\/et_pb_row][et_pb_row custom_width_px=&#8221;710px&#8221; custom_padding=&#8221;|0px||0px&#8221; background_position_1=&#8221;top_left&#8221; background_repeat_1=&#8221;no-repeat&#8221; _builder_version=&#8221;3.0.98&#8243; background_size=&#8221;initial&#8221; background_position=&#8221;top_left&#8221; background_repeat=&#8221;repeat&#8221; background_color_1=&#8221;#ffffff&#8221; make_fullwidth=&#8221;on&#8221; padding_top_1=&#8221;25px&#8221; padding_right_1=&#8221;25px&#8221; padding_bottom_1=&#8221;25px&#8221; padding_left_1=&#8221;25px&#8221; padding_top_2=&#8221;25px&#8221; padding_right_2=&#8221;25px&#8221; padding_bottom_2=&#8221;25px&#8221; padding_left_2=&#8221;25px&#8221; make_equal=&#8221;on&#8221; use_custom_gutter=&#8221;on&#8221; gutter_width=&#8221;4&#8243; module_id=&#8221;legalrankings&#8221;][et_pb_column type=&#8221;2_3&#8243;][et_pb_image _builder_version=&#8221;3.0.98&#8243; show_in_lightbox=&#8221;off&#8221; url_new_window=&#8221;off&#8221; use_overlay=&#8221;off&#8221; always_center_on_mobile=&#8221;on&#8221; force_fullwidth=&#8221;off&#8221; show_bottom_space=&#8221;off&#8221; src=&#8221;https:\/\/prolawyer.hu\/wp-content\/uploads\/2018\/01\/ikon17.png&#8221; align=&#8221;center&#8221; animation_style=&#8221;fade&#8221; animation_direction=&#8221;bottom&#8221; custom_padding=&#8221;||15px|&#8221; \/][et_pb_text admin_label=&#8221;Request Section Title&#8221; background_layout=&#8221;dark&#8221; _builder_version=&#8221;3.0.98&#8243; header_font=&#8221;Montserrat||||&#8221; header_font_size=&#8221;36px&#8221; text_orientation=&#8221;center&#8221; max_width=&#8221;710px&#8221; module_alignment=&#8221;center&#8221; animation_style=&#8221;fold&#8221; animation_direction=&#8221;bottom&#8221; animation_intensity_fold=&#8221;20%&#8221; header_font_size_tablet=&#8221;26px&#8221; header_font_size_last_edited=&#8221;on|tablet&#8221;]<\/p>\n<h1><span style=\"color: #eb6120;\">Legal rankings<\/span><\/h1>\n<p>[\/et_pb_text][et_pb_text _builder_version=&#8221;3.0.98&#8243; background_layout=&#8221;light&#8221;]<\/p>\n<p>With more than 1200 publications ranking law firms, we help you decide where and how to submit to be obtain a better ranking every year. Our international experts have extended experience on the field, having spent several years as senior editors at Chambers &#038; Partners and Legal500. We help you find the relevant international legal awards to your firm, and we prepare the submission materials with you.<\/p>\n<p>[\/et_pb_text][\/et_pb_column][et_pb_column type=&#8221;1_3&#8243;][\/et_pb_column][\/et_pb_row][et_pb_row custom_width_px=&#8221;710px&#8221; custom_padding=&#8221;|0px||0px&#8221; background_position_1=&#8221;top_left&#8221; background_repeat_1=&#8221;no-repeat&#8221; _builder_version=&#8221;3.0.98&#8243; background_size=&#8221;initial&#8221; background_position=&#8221;top_left&#8221; background_repeat=&#8221;repeat&#8221; background_color_1=&#8221;#ffffff&#8221; make_fullwidth=&#8221;on&#8221; padding_top_1=&#8221;25px&#8221; padding_right_1=&#8221;25px&#8221; padding_bottom_1=&#8221;25px&#8221; padding_left_1=&#8221;25px&#8221; padding_top_2=&#8221;25px&#8221; padding_right_2=&#8221;25px&#8221; padding_bottom_2=&#8221;25px&#8221; padding_left_2=&#8221;25px&#8221; make_equal=&#8221;on&#8221; use_custom_gutter=&#8221;on&#8221; gutter_width=&#8221;4&#8243; module_id=&#8221;onlinepresence&#8221;][et_pb_column type=&#8221;2_3&#8243;][et_pb_image _builder_version=&#8221;3.0.98&#8243; show_in_lightbox=&#8221;off&#8221; url_new_window=&#8221;off&#8221; use_overlay=&#8221;off&#8221; always_center_on_mobile=&#8221;on&#8221; force_fullwidth=&#8221;off&#8221; show_bottom_space=&#8221;off&#8221; src=&#8221;https:\/\/prolawyer.hu\/wp-content\/uploads\/2018\/01\/ikon18.png&#8221; align=&#8221;center&#8221; animation_style=&#8221;fade&#8221; animation_direction=&#8221;bottom&#8221; custom_padding=&#8221;||15px|&#8221; \/][et_pb_text admin_label=&#8221;Request Section Title&#8221; background_layout=&#8221;dark&#8221; _builder_version=&#8221;3.0.98&#8243; header_font=&#8221;Montserrat||||&#8221; header_font_size=&#8221;36px&#8221; text_orientation=&#8221;center&#8221; max_width=&#8221;710px&#8221; module_alignment=&#8221;center&#8221; animation_style=&#8221;fold&#8221; animation_direction=&#8221;bottom&#8221; animation_intensity_fold=&#8221;20%&#8221; header_font_size_tablet=&#8221;26px&#8221; header_font_size_last_edited=&#8221;on|tablet&#8221;]<\/p>\n<h1><span style=\"color: #eb6120;\">Online presence<\/span><\/h1>\n<p>[\/et_pb_text][et_pb_text _builder_version=&#8221;3.0.98&#8243; background_layout=&#8221;light&#8221;]<\/p>\n<p>We believe that outstanding lawyers get most of their assignments thanks to referrals. Word of mouth and networking are invaluable. But a strong online presence is imperative. The first thing potential clients check after hearin about a lawyer is the website? Potential clients find the office through the website. Potential clients find the relevant publications and articles of this excellent professional through the website.<\/p>\n<p>Online.<\/p>\n<p>Website, Facebook, LinkedIn \u2013  are the most important and common platforms a lawyer can not miss. Innovative and prescient lawyers rely on newsletter, blog, social media tools. We help you plan and execute an optimal online presence.<\/p>\n<p>[\/et_pb_text][\/et_pb_column][et_pb_column type=&#8221;1_3&#8243;][\/et_pb_column][\/et_pb_row][\/et_pb_section]<\/p>\n","protected":false},"excerpt":{"rendered":"<p>Communication Communication should be planned, focused and constant to reach your business goals. We have to know why we are communicating to help you find, identify and reach those goals. We always start with a communication review, where we map our client\u2019s market position and prior course of action. We define the short, mid and [&hellip;]<\/p>\n","protected":false},"author":1,"featured_media":0,"parent":0,"menu_order":0,"comment_status":"closed","ping_status":"closed","template":"","meta":{"_et_pb_use_builder":"on","_et_pb_old_content":"","_et_gb_content_width":"","footnotes":""},"class_list":["post-47643","page","type-page","status-publish","hentry"],"yoast_head":"<!-- This site is optimized with the Yoast SEO plugin v27.0 - https:\/\/yoast.com\/product\/yoast-seo-wordpress\/ -->\n<title>Services - Pro\/Lawyer Consulting Legal marketing<\/title>\n<meta name=\"description\" content=\"Communication, legal marketing, business development, legal rankings, online presence.\" \/>\n<meta name=\"robots\" content=\"index, follow, max-snippet:-1, max-image-preview:large, max-video-preview:-1\" \/>\n<link rel=\"canonical\" href=\"https:\/\/prolawyer.hu\/szolgaltatasaink\/\" \/>\n<meta property=\"og:locale\" content=\"en_US\" \/>\n<meta property=\"og:type\" content=\"article\" \/>\n<meta property=\"og:title\" content=\"Services - Pro\/Lawyer Consulting Legal marketing\" \/>\n<meta property=\"og:description\" content=\"Communication, legal marketing, business development, legal rankings, online presence.\" \/>\n<meta property=\"og:url\" content=\"https:\/\/prolawyer.hu\/szolgaltatasaink\/\" \/>\n<meta property=\"og:site_name\" content=\"Pro\/Lawyer Consulting\" \/>\n<meta property=\"article:modified_time\" content=\"2018-01-30T17:04:39+00:00\" \/>\n<meta name=\"twitter:card\" content=\"summary_large_image\" \/>\n<meta name=\"twitter:label1\" content=\"Est. reading time\" \/>\n\t<meta name=\"twitter:data1\" content=\"6 minutes\" \/>\n<script type=\"application\/ld+json\" class=\"yoast-schema-graph\">{\"@context\":\"https:\/\/schema.org\",\"@graph\":[{\"@type\":\"WebPage\",\"@id\":\"https:\/\/prolawyer.hu\/szolgaltatasaink\/\",\"url\":\"https:\/\/prolawyer.hu\/szolgaltatasaink\/\",\"name\":\"Services - Pro\/Lawyer Consulting Legal marketing\",\"isPartOf\":{\"@id\":\"https:\/\/prolawyer.hu\/#website\"},\"datePublished\":\"2018-01-24T18:40:21+00:00\",\"dateModified\":\"2018-01-30T17:04:39+00:00\",\"description\":\"Communication, legal marketing, business development, legal rankings, online presence.\",\"breadcrumb\":{\"@id\":\"https:\/\/prolawyer.hu\/szolgaltatasaink\/#breadcrumb\"},\"inLanguage\":\"en-US\",\"potentialAction\":[{\"@type\":\"ReadAction\",\"target\":[\"https:\/\/prolawyer.hu\/szolgaltatasaink\/\"]}]},{\"@type\":\"BreadcrumbList\",\"@id\":\"https:\/\/prolawyer.hu\/szolgaltatasaink\/#breadcrumb\",\"itemListElement\":[{\"@type\":\"ListItem\",\"position\":1,\"name\":\"Home\",\"item\":\"https:\/\/prolawyer.hu\/en\/\"},{\"@type\":\"ListItem\",\"position\":2,\"name\":\"Services\"}]},{\"@type\":\"WebSite\",\"@id\":\"https:\/\/prolawyer.hu\/#website\",\"url\":\"https:\/\/prolawyer.hu\/\",\"name\":\"Pro\/Lawyer Consulting\",\"description\":\"\u00dcgyv\u00e9dmarketing megold\u00e1sok\",\"potentialAction\":[{\"@type\":\"SearchAction\",\"target\":{\"@type\":\"EntryPoint\",\"urlTemplate\":\"https:\/\/prolawyer.hu\/?s={search_term_string}\"},\"query-input\":{\"@type\":\"PropertyValueSpecification\",\"valueRequired\":true,\"valueName\":\"search_term_string\"}}],\"inLanguage\":\"en-US\"}]}<\/script>\n<!-- \/ Yoast SEO plugin. -->","yoast_head_json":{"title":"Services - Pro\/Lawyer Consulting Legal marketing","description":"Communication, legal marketing, business development, legal rankings, online presence.","robots":{"index":"index","follow":"follow","max-snippet":"max-snippet:-1","max-image-preview":"max-image-preview:large","max-video-preview":"max-video-preview:-1"},"canonical":"https:\/\/prolawyer.hu\/szolgaltatasaink\/","og_locale":"en_US","og_type":"article","og_title":"Services - Pro\/Lawyer Consulting Legal marketing","og_description":"Communication, legal marketing, business development, legal rankings, online presence.","og_url":"https:\/\/prolawyer.hu\/szolgaltatasaink\/","og_site_name":"Pro\/Lawyer Consulting","article_modified_time":"2018-01-30T17:04:39+00:00","twitter_card":"summary_large_image","twitter_misc":{"Est. reading time":"6 minutes"},"schema":{"@context":"https:\/\/schema.org","@graph":[{"@type":"WebPage","@id":"https:\/\/prolawyer.hu\/szolgaltatasaink\/","url":"https:\/\/prolawyer.hu\/szolgaltatasaink\/","name":"Services - Pro\/Lawyer Consulting Legal marketing","isPartOf":{"@id":"https:\/\/prolawyer.hu\/#website"},"datePublished":"2018-01-24T18:40:21+00:00","dateModified":"2018-01-30T17:04:39+00:00","description":"Communication, legal marketing, business development, legal rankings, online presence.","breadcrumb":{"@id":"https:\/\/prolawyer.hu\/szolgaltatasaink\/#breadcrumb"},"inLanguage":"en-US","potentialAction":[{"@type":"ReadAction","target":["https:\/\/prolawyer.hu\/szolgaltatasaink\/"]}]},{"@type":"BreadcrumbList","@id":"https:\/\/prolawyer.hu\/szolgaltatasaink\/#breadcrumb","itemListElement":[{"@type":"ListItem","position":1,"name":"Home","item":"https:\/\/prolawyer.hu\/en\/"},{"@type":"ListItem","position":2,"name":"Services"}]},{"@type":"WebSite","@id":"https:\/\/prolawyer.hu\/#website","url":"https:\/\/prolawyer.hu\/","name":"Pro\/Lawyer Consulting","description":"\u00dcgyv\u00e9dmarketing megold\u00e1sok","potentialAction":[{"@type":"SearchAction","target":{"@type":"EntryPoint","urlTemplate":"https:\/\/prolawyer.hu\/?s={search_term_string}"},"query-input":{"@type":"PropertyValueSpecification","valueRequired":true,"valueName":"search_term_string"}}],"inLanguage":"en-US"}]}},"_links":{"self":[{"href":"https:\/\/prolawyer.hu\/en\/wp-json\/wp\/v2\/pages\/47643","targetHints":{"allow":["GET"]}}],"collection":[{"href":"https:\/\/prolawyer.hu\/en\/wp-json\/wp\/v2\/pages"}],"about":[{"href":"https:\/\/prolawyer.hu\/en\/wp-json\/wp\/v2\/types\/page"}],"author":[{"embeddable":true,"href":"https:\/\/prolawyer.hu\/en\/wp-json\/wp\/v2\/users\/1"}],"replies":[{"embeddable":true,"href":"https:\/\/prolawyer.hu\/en\/wp-json\/wp\/v2\/comments?post=47643"}],"version-history":[{"count":0,"href":"https:\/\/prolawyer.hu\/en\/wp-json\/wp\/v2\/pages\/47643\/revisions"}],"wp:attachment":[{"href":"https:\/\/prolawyer.hu\/en\/wp-json\/wp\/v2\/media?parent=47643"}],"curies":[{"name":"wp","href":"https:\/\/api.w.org\/{rel}","templated":true}]}}