{"id":229815,"date":"2022-11-23T14:43:01","date_gmt":"2022-11-23T14:43:01","guid":{"rendered":"https:\/\/prolawyer.hu\/?page_id=229815"},"modified":"2022-11-23T22:27:35","modified_gmt":"2022-11-23T22:27:35","slug":"legal-directories","status":"publish","type":"page","link":"https:\/\/prolawyer.hu\/en\/legal-directories\/","title":{"rendered":"Legal Directories"},"content":{"rendered":"<p>[et_pb_section fb_built=&#8221;1&#8243; fullwidth=&#8221;on&#8221; disabled_on=&#8221;on||&#8221; admin_label=&#8221;Page Header&#8221; _builder_version=&#8221;4.13.0&#8243; background_image=&#8221;https:\/\/prolawyer.hu\/wp-content\/uploads\/2022\/04\/Linkedin-kepzes-2.jpg&#8221; parallax=&#8221;on&#8221; parallax_method=&#8221;off&#8221; animation_style=&#8221;fade&#8221; global_colors_info=&#8221;{}&#8221;][et_pb_fullwidth_header title=&#8221;Legal Directories &#8221; text_orientation=&#8221;center&#8221; button_one_url=&#8221;#about&#8221; button_two_url=&#8221;#&#8221; admin_label=&#8221;Hero Section&#8221; _builder_version=&#8221;4.13.0&#8243; title_font=&#8221;Montserrat|on|||&#8221; title_text_align=&#8221;left&#8221; title_font_size=&#8221;50px&#8221; title_line_height=&#8221;1.4em&#8221; content_font_size=&#8221;22px&#8221; content_line_height=&#8221;1.8em&#8221; subhead_font=&#8221;||||&#8221; background_color=&#8221;rgba(255, 255, 255, 0)&#8221; use_background_color_gradient=&#8221;on&#8221; background_color_gradient_start=&#8221;rgba(235,97,32,0.39)&#8221; background_color_gradient_end=&#8221;rgba(235,97,32,0.08)&#8221; custom_button_one=&#8221;on&#8221; button_one_text_size=&#8221;16px&#8221; button_one_border_color=&#8221;#ffffff&#8221; button_one_border_radius=&#8221;0&#8243; button_one_letter_spacing=&#8221;2&#8243; button_one_font=&#8221;|||on|||||&#8221; button_one_use_icon=&#8221;off&#8221; custom_button_two=&#8221;on&#8221; button_two_text_size=&#8221;16px&#8221; button_two_border_color=&#8221;#ffffff&#8221; button_two_border_radius=&#8221;0&#8243; button_two_letter_spacing=&#8221;2&#8243; button_two_font=&#8221;Montserrat|||on|&#8221; button_two_use_icon=&#8221;off&#8221; module_alignment=&#8221;left&#8221; custom_margin=&#8221;|||&#8221; custom_padding=&#8221;50px||50px||false|false&#8221; animation_style=&#8221;fade&#8221; title_font_size_tablet=&#8221;20px&#8221; title_font_size_phone=&#8221;&#8221; title_font_size_last_edited=&#8221;on|phone&#8221; button_one_text_color_hover=&#8221;#eb6120&#8243; button_two_text_color_hover=&#8221;#ffffff&#8221; button_one_border_color_hover=&#8221;#ffffff&#8221; button_two_border_color_hover=&#8221;#ffffff&#8221; button_one_border_radius_hover=&#8221;0&#8243; button_two_border_radius_hover=&#8221;0&#8243; button_one_letter_spacing_hover=&#8221;2&#8243; button_two_letter_spacing_hover=&#8221;2&#8243; button_one_bg_color_hover=&#8221;#ffffff&#8221; button_two_bg_color_hover=&#8221;#ffffff&#8221; global_colors_info=&#8221;{}&#8221; button_one_text_size__hover_enabled=&#8221;off&#8221; button_two_text_size__hover_enabled=&#8221;off&#8221; button_one_text_color__hover_enabled=&#8221;on&#8221; button_one_text_color__hover=&#8221;#eb6120&#8243; button_two_text_color__hover_enabled=&#8221;on&#8221; button_two_text_color__hover=&#8221;#ffffff&#8221; button_one_border_width__hover_enabled=&#8221;off&#8221; button_two_border_width__hover_enabled=&#8221;off&#8221; button_one_border_color__hover_enabled=&#8221;on&#8221; button_one_border_color__hover=&#8221;#ffffff&#8221; button_two_border_color__hover_enabled=&#8221;on&#8221; button_two_border_color__hover=&#8221;#ffffff&#8221; button_one_border_radius__hover_enabled=&#8221;on&#8221; button_one_border_radius__hover=&#8221;0&#8243; button_two_border_radius__hover_enabled=&#8221;on&#8221; button_two_border_radius__hover=&#8221;0&#8243; button_one_letter_spacing__hover_enabled=&#8221;on&#8221; button_one_letter_spacing__hover=&#8221;2&#8243; button_two_letter_spacing__hover_enabled=&#8221;on&#8221; button_two_letter_spacing__hover=&#8221;2&#8243; button_one_bg_color__hover_enabled=&#8221;on&#8221; button_one_bg_color__hover=&#8221;#ffffff&#8221; button_two_bg_color__hover_enabled=&#8221;on&#8221; button_two_bg_color__hover=&#8221;#ffffff&#8221;][\/et_pb_fullwidth_header][\/et_pb_section][et_pb_section fb_built=&#8221;1&#8243; module_id=&#8221;about&#8221; _builder_version=&#8221;3.22&#8243; global_colors_info=&#8221;{}&#8221;][et_pb_row column_structure=&#8221;1_2,1_2&#8243; _builder_version=&#8221;4.13.0&#8243; _module_preset=&#8221;default&#8221; global_colors_info=&#8221;{}&#8221;][et_pb_column type=&#8221;1_2&#8243; _builder_version=&#8221;4.13.0&#8243; _module_preset=&#8221;default&#8221; global_colors_info=&#8221;{}&#8221;][et_pb_text admin_label=&#8221;Request Section Subtitle&#8221; _builder_version=&#8221;4.13.0&#8243; text_text_color=&#8221;#000000&#8243; text_line_height=&#8221;1.5em&#8221; background_size=&#8221;initial&#8221; background_position=&#8221;top_left&#8221; background_repeat=&#8221;repeat&#8221; text_orientation=&#8221;justified&#8221; background_layout=&#8221;dark&#8221; module_alignment=&#8221;center&#8221; animation_style=&#8221;fold&#8221; animation_direction=&#8221;bottom&#8221; animation_intensity_fold=&#8221;20%&#8221; global_colors_info=&#8221;{}&#8221;]<\/p>\n<p>We feel the same about legal submissions as you do.<\/p>\n<p>We are dealing with Chambers &amp; Partners, Legal500 and IFLR1000 submissions for more than 10 years. We assisted in more than 200 submissions. We even did specific submissions like WTR1000 or IPStars.<\/p>\n<p>We know we have to do it.<\/p>\n<p>We can help you, saving some of your most valuable asset: time.<\/p>\n<p>One of our colleagues worked at Chambers &amp; Partners for several years as a Senior Researcher on the Chambers Europe directory, also working for the Chambers UK and Global directories at times.<\/p>\n<p>We can even help you present your rankings to your clients and prospects. Why would you spent that much time and effort with the submissions if you won\u2019t let the world know how good you are?<\/p>\n<p>[\/et_pb_text][\/et_pb_column][et_pb_column type=&#8221;1_2&#8243; _builder_version=&#8221;4.13.0&#8243; _module_preset=&#8221;default&#8221; global_colors_info=&#8221;{}&#8221;][et_pb_image src=&#8221;https:\/\/prolawyer.hu\/wp-content\/uploads\/2022\/11\/legal-directories-2.jpg&#8221; title_text=&#8221;Pen on document and glass of water&#8221; _builder_version=&#8221;4.13.0&#8243; _module_preset=&#8221;default&#8221; hover_enabled=&#8221;0&#8243; global_colors_info=&#8221;{}&#8221; sticky_enabled=&#8221;0&#8243;][\/et_pb_image][\/et_pb_column][\/et_pb_row][\/et_pb_section][et_pb_section fb_built=&#8221;1&#8243; disabled_on=&#8221;on||&#8221; admin_label=&#8221;Footer&#8221; module_id=&#8221;contact&#8221; _builder_version=&#8221;3.22&#8243; background_image=&#8221;https:\/\/prolawyer.hu\/wp-content\/uploads\/2018\/01\/background6.jpg&#8221; saved_tabs=&#8221;all&#8221; global_colors_info=&#8221;{}&#8221;][et_pb_row _builder_version=&#8221;3.25&#8243; background_size=&#8221;initial&#8221; background_position=&#8221;top_left&#8221; background_repeat=&#8221;repeat&#8221; global_colors_info=&#8221;{}&#8221;][et_pb_column type=&#8221;4_4&#8243; _builder_version=&#8221;3.25&#8243; custom_padding=&#8221;|||&#8221; global_colors_info=&#8221;{}&#8221; custom_padding__hover=&#8221;|||&#8221;][et_pb_text admin_label=&#8221;Request Section Title&#8221; _builder_version=&#8221;4.13.0&#8243; header_font=&#8221;Montserrat||||&#8221; header_font_size=&#8221;36px&#8221; text_orientation=&#8221;center&#8221; background_layout=&#8221;dark&#8221; max_width=&#8221;710px&#8221; module_alignment=&#8221;center&#8221; animation_style=&#8221;fold&#8221; animation_direction=&#8221;bottom&#8221; animation_intensity_fold=&#8221;20%&#8221; header_font_size_tablet=&#8221;26px&#8221; header_font_size_phone=&#8221;&#8221; header_font_size_last_edited=&#8221;on|tablet&#8221; global_colors_info=&#8221;{}&#8221;]<\/p>\n<h1>Have any <strong>questions<\/strong>?<br \/>Let us answer them<\/h1>\n<p>[\/et_pb_text][et_pb_divider show_divider=&#8221;off&#8221; disabled_on=&#8221;off|off|off&#8221; _builder_version=&#8221;3.2&#8243; background_color_gradient_direction=&#8221;90deg&#8221; max_width=&#8221;100px&#8221; module_alignment=&#8221;center&#8221; height=&#8221;5px&#8221; custom_margin=&#8221;||20px|&#8221; custom_padding=&#8221;||20px|&#8221; animation_style=&#8221;slide&#8221; animation_direction=&#8221;bottom&#8221; saved_tabs=&#8221;all&#8221; global_colors_info=&#8221;{}&#8221;][\/et_pb_divider][\/et_pb_column][\/et_pb_row][et_pb_row column_structure=&#8221;2_3,1_3&#8243; use_custom_gutter=&#8221;on&#8221; gutter_width=&#8221;2&#8243; make_equal=&#8221;on&#8221; _builder_version=&#8221;3.25&#8243; background_size=&#8221;initial&#8221; background_position=&#8221;top_left&#8221; background_repeat=&#8221;repeat&#8221; custom_padding=&#8221;|||&#8221; global_colors_info=&#8221;{}&#8221;][et_pb_column type=&#8221;2_3&#8243; _builder_version=&#8221;3.25&#8243; background_color=&#8221;#ffffff&#8221; background_position=&#8221;top_left&#8221; custom_padding=&#8221;50px|40px|50px|40px&#8221; global_colors_info=&#8221;{}&#8221; custom_padding__hover=&#8221;|||&#8221;][et_pb_text _builder_version=&#8221;3.27.4&#8243; global_colors_info=&#8221;{}&#8221;]Let us introduce\u00a0the opportunities for your firm.<br \/>\n[\/et_pb_text][et_pb_text _builder_version=&#8221;3.27.4&#8243; global_colors_info=&#8221;{}&#8221;]\n<div class=\"wpcf7 no-js\" id=\"wpcf7-f47623-o1\" lang=\"hu-HU\" dir=\"ltr\" data-wpcf7-id=\"47623\">\n<div class=\"screen-reader-response\"><p role=\"status\" aria-live=\"polite\" aria-atomic=\"true\"><\/p> <ul><\/ul><\/div>\n<form action=\"\/en\/wp-json\/wp\/v2\/pages\/229815#wpcf7-f47623-o1\" method=\"post\" class=\"wpcf7-form init 034cb8cbecd6 cmatic-conn cmatic-aud-6 cmatic-mapd0-0 cmatic-v0975 cmatic-sent-0 cmatic-total-306\" aria-label=\"Kapcsolatfelv\u00e9teli \u0171rlap\" novalidate=\"novalidate\" data-status=\"init\">\n<fieldset class=\"hidden-fields-container\"><input type=\"hidden\" name=\"_wpcf7\" value=\"47623\" \/><input type=\"hidden\" name=\"_wpcf7_version\" value=\"6.1.5\" \/><input type=\"hidden\" name=\"_wpcf7_locale\" value=\"hu_HU\" \/><input type=\"hidden\" name=\"_wpcf7_unit_tag\" value=\"wpcf7-f47623-o1\" \/><input type=\"hidden\" name=\"_wpcf7_container_post\" value=\"0\" \/><input type=\"hidden\" name=\"_wpcf7_posted_data_hash\" value=\"\" \/><input type=\"hidden\" name=\"_wpcf7_recaptcha_response\" value=\"\" \/>\n<\/fieldset>\n<p><span class=\"wpcf7-form-control-wrap\" data-name=\"your-name\"><input size=\"40\" maxlength=\"400\" class=\"wpcf7-form-control wpcf7-text wpcf7-validates-as-required\" aria-required=\"true\" aria-invalid=\"false\" placeholder=\"Name (required)\" value=\"\" type=\"text\" name=\"your-name\" \/><\/span>\n<\/p>\n<p><span class=\"wpcf7-form-control-wrap\" data-name=\"your-email\"><input size=\"40\" maxlength=\"400\" class=\"wpcf7-form-control wpcf7-email wpcf7-validates-as-required wpcf7-text wpcf7-validates-as-email\" aria-required=\"true\" aria-invalid=\"false\" placeholder=\"Email  (required)\" value=\"\" type=\"email\" name=\"your-email\" \/><\/span>\n<\/p>\n<p><span class=\"wpcf7-form-control-wrap\" data-name=\"your-phone\"><input size=\"40\" maxlength=\"400\" class=\"wpcf7-form-control wpcf7-text wpcf7-validates-as-required\" aria-required=\"true\" aria-invalid=\"false\" placeholder=\"Phone  (required)\" value=\"\" type=\"text\" name=\"your-phone\" \/><\/span>\n<\/p>\n<p><span class=\"wpcf7-form-control-wrap\" data-name=\"your-message\"><textarea cols=\"40\" rows=\"10\" maxlength=\"2000\" class=\"wpcf7-form-control wpcf7-textarea\" aria-invalid=\"false\" placeholder=\"Message\" name=\"your-message\"><\/textarea><\/span>\n<\/p>\n<p><input class=\"wpcf7-form-control wpcf7-submit has-spinner\" type=\"submit\" value=\"Send\" \/>\n<\/p><div class=\"wpcf7-response-output\" aria-hidden=\"true\"><\/div>\n<\/form>\n<\/div>\n<br \/>\n[\/et_pb_text][\/et_pb_column][et_pb_column type=&#8221;1_3&#8243; _builder_version=&#8221;3.25&#8243; background_color=&#8221;#ffffff&#8221; background_position=&#8221;top_left&#8221; custom_padding=&#8221;50px|40px|50px|40px&#8221; global_colors_info=&#8221;{}&#8221; custom_padding__hover=&#8221;|||&#8221;][et_pb_text _builder_version=&#8221;3.27.4&#8243; global_colors_info=&#8221;{}&#8221;]<iframe style=\"border: none; overflow: hidden;\" src=\"https:\/\/www.facebook.com\/plugins\/page.php?href=https%3A%2F%2Fwww.facebook.com%2Fprolawyerconsulting%2F&amp;tabs=timeline&amp;width=340&amp;height=500&amp;small_header=false&amp;adapt_container_width=true&amp;hide_cover=false&amp;show_facepile=true&amp;appId\" width=\"340\" height=\"500\" frameborder=\"0\" scrolling=\"no\"><\/iframe><br \/>\n[\/et_pb_text][\/et_pb_column][\/et_pb_row][\/et_pb_section]<\/p>\n","protected":false},"excerpt":{"rendered":"<p>We feel the same about legal submissions as you do. We are dealing with Chambers &amp; Partners, Legal500 and IFLR1000 submissions for more than 10 years. We assisted in more than 200 submissions. We even did specific submissions like WTR1000 or IPStars. We know we have to do it. We can help you, saving some [&hellip;]<\/p>\n","protected":false},"author":1,"featured_media":0,"parent":0,"menu_order":0,"comment_status":"closed","ping_status":"closed","template":"","meta":{"_et_pb_use_builder":"on","_et_pb_old_content":"","_et_gb_content_width":"","footnotes":""},"class_list":["post-229815","page","type-page","status-publish","hentry"],"yoast_head":"<!-- This site is optimized with the Yoast SEO plugin v27.0 - https:\/\/yoast.com\/product\/yoast-seo-wordpress\/ -->\n<title>Legal Directories - Pro\/Lawyer Consulting<\/title>\n<meta name=\"robots\" content=\"index, follow, max-snippet:-1, max-image-preview:large, max-video-preview:-1\" \/>\n<link rel=\"canonical\" href=\"https:\/\/prolawyer.hu\/en\/legal-directories\/\" \/>\n<meta property=\"og:locale\" content=\"en_US\" \/>\n<meta property=\"og:type\" content=\"article\" \/>\n<meta property=\"og:title\" content=\"Legal Directories - Pro\/Lawyer Consulting\" \/>\n<meta property=\"og:description\" content=\"We feel the same about legal submissions as you do. We are dealing with Chambers &amp; Partners, Legal500 and IFLR1000 submissions for more than 10 years. We assisted in more than 200 submissions. We even did specific submissions like WTR1000 or IPStars. We know we have to do it. We can help you, saving some [&hellip;]\" \/>\n<meta property=\"og:url\" content=\"https:\/\/prolawyer.hu\/en\/legal-directories\/\" \/>\n<meta property=\"og:site_name\" content=\"Pro\/Lawyer Consulting\" \/>\n<meta property=\"article:modified_time\" content=\"2022-11-23T22:27:35+00:00\" \/>\n<meta name=\"twitter:card\" content=\"summary_large_image\" \/>\n<meta name=\"twitter:label1\" content=\"Est. reading time\" \/>\n\t<meta name=\"twitter:data1\" content=\"5 minutes\" \/>\n<script type=\"application\/ld+json\" class=\"yoast-schema-graph\">{\"@context\":\"https:\/\/schema.org\",\"@graph\":[{\"@type\":\"WebPage\",\"@id\":\"https:\/\/prolawyer.hu\/en\/legal-directories\/\",\"url\":\"https:\/\/prolawyer.hu\/en\/legal-directories\/\",\"name\":\"Legal Directories - Pro\/Lawyer Consulting\",\"isPartOf\":{\"@id\":\"https:\/\/prolawyer.hu\/#website\"},\"datePublished\":\"2022-11-23T14:43:01+00:00\",\"dateModified\":\"2022-11-23T22:27:35+00:00\",\"breadcrumb\":{\"@id\":\"https:\/\/prolawyer.hu\/en\/legal-directories\/#breadcrumb\"},\"inLanguage\":\"en-US\",\"potentialAction\":[{\"@type\":\"ReadAction\",\"target\":[\"https:\/\/prolawyer.hu\/en\/legal-directories\/\"]}]},{\"@type\":\"BreadcrumbList\",\"@id\":\"https:\/\/prolawyer.hu\/en\/legal-directories\/#breadcrumb\",\"itemListElement\":[{\"@type\":\"ListItem\",\"position\":1,\"name\":\"Home\",\"item\":\"https:\/\/prolawyer.hu\/en\/\"},{\"@type\":\"ListItem\",\"position\":2,\"name\":\"Legal Directories\"}]},{\"@type\":\"WebSite\",\"@id\":\"https:\/\/prolawyer.hu\/#website\",\"url\":\"https:\/\/prolawyer.hu\/\",\"name\":\"Pro\/Lawyer Consulting\",\"description\":\"\u00dcgyv\u00e9dmarketing megold\u00e1sok\",\"potentialAction\":[{\"@type\":\"SearchAction\",\"target\":{\"@type\":\"EntryPoint\",\"urlTemplate\":\"https:\/\/prolawyer.hu\/?s={search_term_string}\"},\"query-input\":{\"@type\":\"PropertyValueSpecification\",\"valueRequired\":true,\"valueName\":\"search_term_string\"}}],\"inLanguage\":\"en-US\"}]}<\/script>\n<!-- \/ Yoast SEO plugin. -->","yoast_head_json":{"title":"Legal Directories - Pro\/Lawyer Consulting","robots":{"index":"index","follow":"follow","max-snippet":"max-snippet:-1","max-image-preview":"max-image-preview:large","max-video-preview":"max-video-preview:-1"},"canonical":"https:\/\/prolawyer.hu\/en\/legal-directories\/","og_locale":"en_US","og_type":"article","og_title":"Legal Directories - Pro\/Lawyer Consulting","og_description":"We feel the same about legal submissions as you do. We are dealing with Chambers &amp; Partners, Legal500 and IFLR1000 submissions for more than 10 years. We assisted in more than 200 submissions. We even did specific submissions like WTR1000 or IPStars. We know we have to do it. We can help you, saving some [&hellip;]","og_url":"https:\/\/prolawyer.hu\/en\/legal-directories\/","og_site_name":"Pro\/Lawyer Consulting","article_modified_time":"2022-11-23T22:27:35+00:00","twitter_card":"summary_large_image","twitter_misc":{"Est. reading time":"5 minutes"},"schema":{"@context":"https:\/\/schema.org","@graph":[{"@type":"WebPage","@id":"https:\/\/prolawyer.hu\/en\/legal-directories\/","url":"https:\/\/prolawyer.hu\/en\/legal-directories\/","name":"Legal Directories - Pro\/Lawyer Consulting","isPartOf":{"@id":"https:\/\/prolawyer.hu\/#website"},"datePublished":"2022-11-23T14:43:01+00:00","dateModified":"2022-11-23T22:27:35+00:00","breadcrumb":{"@id":"https:\/\/prolawyer.hu\/en\/legal-directories\/#breadcrumb"},"inLanguage":"en-US","potentialAction":[{"@type":"ReadAction","target":["https:\/\/prolawyer.hu\/en\/legal-directories\/"]}]},{"@type":"BreadcrumbList","@id":"https:\/\/prolawyer.hu\/en\/legal-directories\/#breadcrumb","itemListElement":[{"@type":"ListItem","position":1,"name":"Home","item":"https:\/\/prolawyer.hu\/en\/"},{"@type":"ListItem","position":2,"name":"Legal Directories"}]},{"@type":"WebSite","@id":"https:\/\/prolawyer.hu\/#website","url":"https:\/\/prolawyer.hu\/","name":"Pro\/Lawyer Consulting","description":"\u00dcgyv\u00e9dmarketing megold\u00e1sok","potentialAction":[{"@type":"SearchAction","target":{"@type":"EntryPoint","urlTemplate":"https:\/\/prolawyer.hu\/?s={search_term_string}"},"query-input":{"@type":"PropertyValueSpecification","valueRequired":true,"valueName":"search_term_string"}}],"inLanguage":"en-US"}]}},"_links":{"self":[{"href":"https:\/\/prolawyer.hu\/en\/wp-json\/wp\/v2\/pages\/229815","targetHints":{"allow":["GET"]}}],"collection":[{"href":"https:\/\/prolawyer.hu\/en\/wp-json\/wp\/v2\/pages"}],"about":[{"href":"https:\/\/prolawyer.hu\/en\/wp-json\/wp\/v2\/types\/page"}],"author":[{"embeddable":true,"href":"https:\/\/prolawyer.hu\/en\/wp-json\/wp\/v2\/users\/1"}],"replies":[{"embeddable":true,"href":"https:\/\/prolawyer.hu\/en\/wp-json\/wp\/v2\/comments?post=229815"}],"version-history":[{"count":0,"href":"https:\/\/prolawyer.hu\/en\/wp-json\/wp\/v2\/pages\/229815\/revisions"}],"wp:attachment":[{"href":"https:\/\/prolawyer.hu\/en\/wp-json\/wp\/v2\/media?parent=229815"}],"curies":[{"name":"wp","href":"https:\/\/api.w.org\/{rel}","templated":true}]}}